{"id":5497,"date":"2024-02-17T22:47:10","date_gmt":"2024-02-18T03:47:10","guid":{"rendered":"http:\/\/drdosido.net\/fiddleclub\/?page_id=5497"},"modified":"2025-02-17T15:07:18","modified_gmt":"2025-02-17T20:07:18","slug":"scandijam-tunes","status":"publish","type":"page","link":"https:\/\/drdosido.net\/fiddleclub\/scandijam-tunes\/","title":{"rendered":"ScandiJam Tunes"},"content":{"rendered":"\n<p class=\"has-medium-font-size\">February 2025<\/p>\n\n\n\n<ul class=\"wp-block-list\">\n<li><a href=\"https:\/\/drdosido.net\/staging\/SJ\/Polska_efter_Ole_Jansa .mp3\" target=\"_blank\" rel=\"noreferrer noopener\">Polska efter Ole Jansa<\/a> &#8211; Anna Perkins, teaching demo<\/li>\n\n\n\n<li><a href=\"https:\/\/drdosido.net\/staging\/SJ\/Minuet_efter_Matti_Haudanmaa.mp3\" target=\"_blank\" rel=\"noreferrer noopener\">Minuet after Matti Haudenmaa<\/a> &#8211; Arto J\u00e4rvel\u00e4 &amp; Old Town School class, 2011<\/li>\n<\/ul>\n\n\n\n<p class=\"has-medium-font-size\">January 2025<\/p>\n\n\n\n<ul class=\"wp-block-list\">\n<li><a href=\"https:\/\/drdosido.net\/staging\/SJ\/Saaren_Edlan_Polska.mp3\" target=\"_blank\" rel=\"noreferrer noopener\">Saaren Edlan Polska<\/a> &#8211; Arto J\u00e4rvel\u00e4<\/li>\n\n\n\n<li><a href=\"https:\/\/drdosido.net\/staging\/SJ\/Finnskogspols.mp3\" target=\"_blank\" rel=\"noreferrer noopener\"><em>Pols etter Lars Nerhagen<\/em><\/a> &#8211; Eva Karlsson, 2009 (for Finnskogspols)<\/li>\n\n\n\n<li><a href=\"https:\/\/youtu.be\/ynM3FUXr29w?si=yTlPhJiWBRwObKvR\" target=\"_blank\" rel=\"noreferrer noopener\">Finnskogspols<\/a> (video of the dance)<\/li>\n<\/ul>\n\n\n\n<p class=\"has-medium-font-size\">October 2024<\/p>\n\n\n\n<ul class=\"wp-block-list\">\n<li><a href=\"https:\/\/drdosido.net\/staging\/SJ\/Storm-Lamb.mp3\" target=\"_blank\" rel=\"noreferrer noopener\">Storm (Polka)<\/a> &#8211; Dwight Lamb in Denmark tour, 2010<\/li>\n\n\n\n<li><a href=\"https:\/\/drdosido.net\/staging\/SJ\/Storm-Bugge.mp3\" target=\"_blank\" rel=\"noreferrer noopener\">Storm<\/a> by Kristian Bugge &amp; Mette Jensen, workshop for the &#8216;Lag, 2015<\/li>\n\n\n\n<li><a href=\"https:\/\/drdosido.net\/staging\/SJ\/New_One_Schottis.mp3\" target=\"_blank\" rel=\"noreferrer noopener\">New One (Schottis)<\/a> by Chicago Spelmanslag<\/li>\n\n\n\n<li><a href=\"https:\/\/drdosido.net\/staging\/SJ\/I_Am_Poor.mp3\" target=\"_blank\" rel=\"noreferrer noopener\">I Am Poor<\/a> by Emily Albrecht <\/li>\n<\/ul>\n\n\n\n<p class=\"has-medium-font-size\">August 2024<\/p>\n\n\n\n<ul class=\"wp-block-list\">\n<li><a href=\"https:\/\/www.youtube.com\/watch?v=gE6j-Zp323w&amp;t=79s\" target=\"_blank\" rel=\"noreferrer noopener\">Eklunda Polska #3<\/a>&nbsp;efter Viksta-Lasse<\/li>\n\n\n\n<li><a href=\"https:\/\/youtu.be\/nJVOW0pj2Tc\" target=\"_blank\" rel=\"noreferrer noopener\">Kl\u00e5finger (Itchy finger) efter Olof Nordblad<\/a><\/li>\n<\/ul>\n\n\n\n<p class=\"has-medium-font-size\">July 2024<\/p>\n\n\n\n<ul class=\"wp-block-list\">\n<li><a href=\"https:\/\/drdosido.net\/drd30\/rec\/cat\/ht\/Antti_Jarvela-HT332-4-04-Lapualainen_Ryyppoomarssi.mp3\">Lapualainen Ryyp\u00f6\u00f6marssi<\/a> by Antti J\u00e4rvel\u00e4 after Matti Haudenmaa<\/li>\n\n\n\n<li><a href=\"https:\/\/drdosido.net\/staging\/SJ\/Elinors_Polska.mp3\">Elinor Polska<\/a><\/li>\n<\/ul>\n\n\n\n<p class=\"has-medium-font-size\">June 2024<\/p>\n\n\n\n<ul class=\"wp-block-list\">\n<li><a href=\"https:\/\/youtu.be\/gi0rtSOgUtE?si=FC579FUc5mZMoJXt\" target=\"_blank\" rel=\"noopener\">Rosenbergs Slangpolska<\/a> (Danspolska efter Rosenberg) by Klintetten<\/li>\n\n\n\n<li><a href=\"https:\/\/www.youtube.com\/watch?v=0rK5a4SWXoE\">Kostner Avenue Waltz<\/a> by Arto J\u00e4rvel\u00e4<\/li>\n<\/ul>\n\n\n\n<p class=\"has-medium-font-size\">April 2024<\/p>\n\n\n\n<ul class=\"wp-block-list\">\n<li><a href=\"https:\/\/youtu.be\/gi0rtSOgUtE?si=FC579FUc5mZMoJXt\" target=\"_blank\" rel=\"noopener\">Dimmisjonspols<\/a> by Sturla Eide<\/li>\n\n\n\n<li><a href=\"https:\/\/drdosido.net\/staging\/SJ\/Polska_Efter_Stro\u00f6m-Erske.mp3\">Polska efter Str\u00f6m-Erske<\/a> by Chicago Spelmanslag<\/li>\n<\/ul>\n\n\n\n<p class=\"has-medium-font-size\">March 2024<\/p>\n\n\n\n<ul class=\"wp-block-list\">\n<li><a href=\"https:\/\/drdosido.net\/fiddleclub\/wp-content\/uploads\/2010\/05\/Viktors-vals.mp3\">Viktor&#8217;s Vals<\/a> by Kukka Lehto ofthe Polka Chicks, from&nbsp;Viktor Andersson of Jeppo, Finland<\/li>\n\n\n\n<li><a href=\"https:\/\/drdosido.net\/staging\/SJ\/Jon_Larsas_Brollopsmarsch.mp3\">Jonas Orsa&#8217;s Br\u00f6llopsmarsch<\/a> (or <em>Jon Larsa&#8217;s Br\u00f6llopsmarsch<\/em>) from&nbsp;Lennart Gybrant &amp; Per Saxholm after Helge Hendrickson<\/li>\n\n\n\n<p class=\"has-medium-font-size\">February 2024<\/p>\n\n\n\n<ul class=\"wp-block-list\">\n<li><a href=\"https:\/\/drdosido.net\/drd30\/rec\/ots\/arto\/Arto_Jarvela-HT217-2-06-Hultiahon_sotiisi.mp3\" target=\"_blank\" rel=\"noreferrer noopener\">Hultiahon Sotiissi<\/a> from&nbsp;<a href=\"https:\/\/drdosido.net\/drd30\/ar-fiddlers-arto.html\" target=\"_blank\" rel=\"noreferrer noopener\">Arto J\u00e4rvel\u00e4&#8217;s Residency<\/a>&nbsp;at Old Town School of Folk Music.<\/li>\n\n\n\n<li><a href=\"http:\/\/drdosido.net\/staging\/SJ\/Antin_Mikko.mp3\">Antin Mikko<\/a> from JPP (<em>Live in Duluth<\/em>): <a href=\"http:\/\/drdosido.net\/staging\/SJ\/Antin_Mikko-melody.mp3\">melody<\/a> by Cat, and <a href=\"http:\/\/drdosido.net\/staging\/SJ\/Antin_Mikko-harmony.mp3\">harmony<\/a> by Cat. Also <a href=\"https:\/\/youtu.be\/m-mLQXVX_MI\" target=\"_blank\" rel=\"noreferrer noopener\">here<\/a><\/li>\n<\/ul>\n\n\n\n<p class=\"has-medium-font-size\">January 2024<\/p>\n\n\n\n<ul class=\"wp-block-list\">\n<li><a href=\"http:\/\/drdosido.net\/staging\/SJ\/Ringlander-Halling.mp3\">Ringl\u00e4nder efter Christofer Tholsson<\/a>,&nbsp;Glissj\u00f6berg, H\u00e4rjedalen, AKA Chicago Ringl\u00e4nder&nbsp;<\/li>\n\n\n\n<li><a href=\"https:\/\/drdosido.net\/drd30\/rec\/cat\/ht\/Patrick_Weckman-%20HT306-1-01-Nyberg_Polonaise.mp3\" target=\"_blank\" rel=\"noreferrer noopener\">Polonaise #7 from Carl Peter Nyberg<\/a><\/li>\n\n\n\n<li><a href=\"http:\/\/drdosido.net\/staging\/SJ\/Wedding_March.mp3\">Wedding March<\/a> from Northern Sweden, efter Anders Hall&nbsp;<\/li>\n<\/ul>\n\n\n\n<p class=\"has-medium-font-size\">November 2023<\/p>\n\n\n\n<ul class=\"wp-block-list\">\n<li><a href=\"https:\/\/www.youtube.com\/watch?v=xt8PQoZHg5w\" target=\"_blank\" rel=\"noreferrer noopener\">Smygvals fr\u00e5n Heby (Tomas &#8220;Limpan&#8221; Lindberg)<\/a>&nbsp; This could be translated as sneaky waltz<\/li>\n\n\n\n<li><a href=\"http:\/\/drdosido.net\/staging\/SJ\/Hastschottis.mp3\">H\u00e4stschottis<\/a>&nbsp;efter Chicago Spelmanslag (attached) major-minor-major-big ending.&nbsp; And&nbsp;<a href=\"https:\/\/www.youtube.com\/watch?v=9NpV_imaRGM\" target=\"_blank\" rel=\"noreferrer noopener\">this<\/a><\/li>\n<\/ul>\n\n\n\n<p class=\"has-medium-font-size\">October 2023<\/p>\n\n\n\n<ul class=\"wp-block-list\">\n<li>&nbsp;Finnish March<em>&nbsp;<a href=\"http:\/\/drdosido.net\/staging\/SJ\/Kaustinen-HT325-1-07-Lundrenin_Marssi.mp3\" data-type=\"link\" data-id=\"drdosido.net\/staging\/SJ\/Kaustinen-HT325-1-07-Lundrenin_Marssi.mp3\">Lundrenin Marssi<\/a><\/em><\/li>\n\n\n\n<li><em>&nbsp;<a href=\"https:\/\/drdosido.net\/staging\/SJ\/Edwin_Johnson-Polksa_From_Rattvik.mp3\" target=\"_blank\" rel=\"noreferrer noopener\">Edwin&#8217;s First Polska<\/a>, a polska from&nbsp;R\u00e4ttvik, Sweden by Edwin Johnson<\/em><\/li>\n\n\n\n<li><em>we played through a nyckelharpa tune called&nbsp;<a href=\"https:\/\/www.youtube.com\/watch?v=TltmZeQIOlI\" target=\"_blank\" rel=\"noreferrer noopener\"><em>Vendelspolska<\/em><\/a><\/em><\/li>\n<\/ul>\n\n\n\n<p class=\"has-medium-font-size\">September 2023<\/p>\n\n\n\n<ul class=\"wp-block-list\">\n<li><a href=\"https:\/\/www.youtube.com\/watch?v=Y3YJxomHoZ8\" target=\"_blank\" rel=\"noreferrer noopener\">\u00c4ppelbo g\u00e5ngl\u00e5t efter \u00c4rtbergs Kalle<\/a>;<\/li>\n\n\n\n<li><a href=\"https:\/\/www.youtube.com\/watch?v=d8pmWgM9q34&amp;authuser=1\" target=\"_blank\" rel=\"noreferrer noopener\">Byss Calle #32 Sl\u00e4ngpolska efter Byss Calle<\/a>&nbsp;(teaching version)&nbsp;<a href=\"https:\/\/www.youtube.com\/watch?v=7gWLH7ZrMgw\" target=\"_blank\" rel=\"noreferrer noopener\">Byss Calle #32 efter Byss Calle<\/a>&nbsp;(V\u00e4sen (trio) version);<\/li>\n\n\n\n<li><a href=\"https:\/\/drdosido.net\/drd30\/rec\/cat\/ht\/Jorn_Anderson-HT329-1-04-Karen_Vals.mp3\" target=\"_blank\" rel=\"noreferrer noopener\">Karin Vals<\/a> av &nbsp;J\u00f8rn Steen Anderson from a Roskilde Spillemandslaug, Denmark, jam session<\/li>\n\n\n\n<li><a href=\"https:\/\/drdosido.net\/drd30\/rec\/ots\/arto\/Arto_Jarvela-HT217-3-03-Maito_polkka.mp3\" target=\"_blank\" rel=\"noreferrer noopener\">Syralan Heikias Maito polkka<\/a> (Milk Polka) from&nbsp;<a href=\"https:\/\/drdosido.net\/drd30\/ar-fiddlers-arto.html\" target=\"_blank\" rel=\"noreferrer noopener\">Arto J\u00e4rvel\u00e4&#8217;s Residency<\/a>&nbsp;at Old Town School of Folk Music.&nbsp;&nbsp;<\/li>\n<\/ul>\n<\/ul>\n\n\n\n<p><\/p>\n","protected":false},"excerpt":{"rendered":"<p>February 2025 January 2025 October 2024 August 2024 July 2024 June 2024 April 2024 March 2024<\/p>\n","protected":false},"author":1,"featured_media":0,"parent":0,"menu_order":0,"comment_status":"closed","ping_status":"closed","template":"","meta":{"footnotes":""},"class_list":["post-5497","page","type-page","status-publish","hentry"],"_links":{"self":[{"href":"https:\/\/drdosido.net\/fiddleclub\/wp-json\/wp\/v2\/pages\/5497","targetHints":{"allow":["GET"]}}],"collection":[{"href":"https:\/\/drdosido.net\/fiddleclub\/wp-json\/wp\/v2\/pages"}],"about":[{"href":"https:\/\/drdosido.net\/fiddleclub\/wp-json\/wp\/v2\/types\/page"}],"author":[{"embeddable":true,"href":"https:\/\/drdosido.net\/fiddleclub\/wp-json\/wp\/v2\/users\/1"}],"replies":[{"embeddable":true,"href":"https:\/\/drdosido.net\/fiddleclub\/wp-json\/wp\/v2\/comments?post=5497"}],"version-history":[{"count":36,"href":"https:\/\/drdosido.net\/fiddleclub\/wp-json\/wp\/v2\/pages\/5497\/revisions"}],"predecessor-version":[{"id":5584,"href":"https:\/\/drdosido.net\/fiddleclub\/wp-json\/wp\/v2\/pages\/5497\/revisions\/5584"}],"wp:attachment":[{"href":"https:\/\/drdosido.net\/fiddleclub\/wp-json\/wp\/v2\/media?parent=5497"}],"curies":[{"name":"wp","href":"https:\/\/api.w.org\/{rel}","templated":true}]}}