{"id":5030,"date":"2015-09-22T11:31:52","date_gmt":"2015-09-22T16:31:52","guid":{"rendered":"http:\/\/drdosido.net\/fiddleclub\/?page_id=5030"},"modified":"2024-02-19T14:47:42","modified_gmt":"2024-02-19T19:47:42","slug":"first-tunes-for-jams","status":"publish","type":"page","link":"https:\/\/drdosido.net\/fiddleclub\/first-tunes-for-jams\/","title":{"rendered":"First Tunes for FCW Orchestra"},"content":{"rendered":"<p>Please join us at our monthly jams at Gideon Welles pub (4500 N. Lincoln in Chicago). We usually meet at 7pm on the third Sunday of the month. (Check the Fiddle Club Facebook page for updated information.) You don&#8217;t have to know all of these tunes, or even a single one, to participate in our jams. But here&#8217;s a list of tunes we often play, along with some we&#8217;re planning to work on. Try out one or two, and come join us. Fiddle Club is not just for fiddlers. All instruments are welcome.<\/p>\n<p>The following list contains links to a recording of each tune Click the play arrow or tune title to listen. Right click the title to download the recording (aka save link). There is a link to notes for each of the tunes, containing standard music notation, along with suggested guitar chords, and ABC notation for the tune. For pointers on using ABC notation and other helpful learning advice, check out the page on <a href=\"https:\/\/drdosido.net\/fiddleclub\/how-to-use-notes-abcs\/\" target=\"_blank\" rel=\"noopener\">How to Use Notes &#038; ABCs<\/a>.<\/p>\n<p><strong>USA<\/strong><br \/>\n<a href=\"https:\/\/www.oldtownschool.org\/fiddle\/fun\/littlebettybrown7444.mp3\">Big Betty<\/a> (aka Little Betty Brown) &nbsp; &nbsp; &nbsp; &nbsp; &nbsp; &nbsp; &nbsp; &nbsp; &nbsp; &nbsp; &nbsp; &nbsp; &nbsp; &nbsp; &nbsp; &nbsp; &nbsp; &nbsp; &nbsp; &nbsp; &nbsp; &nbsp; &nbsp; &nbsp; &nbsp; &nbsp;&nbsp; <a href=\"https:\/\/drdosido.net\/fiddleclub\/wp-content\/uploads\/2015\/09\/Big-Betty.jpg\" target=\"_blank\" rel=\"noopener\">Notes<\/a><br \/>\n<audio class=\"wp-audio-shortcode\" id=\"audio-5030-1\" preload=\"none\" style=\"width: 100%;\" controls=\"controls\"><source type=\"audio\/mpeg\" src=\"https:\/\/www.oldtownschool.org\/fiddle\/fun\/littlebettybrown7444.mp3?_=1\" \/><a href=\"https:\/\/www.oldtownschool.org\/fiddle\/fun\/littlebettybrown7444.mp3\">https:\/\/www.oldtownschool.org\/fiddle\/fun\/littlebettybrown7444.mp3<\/a><\/audio><\/p>\n<p><a href=\"https:\/\/drdosido.net\/fiddleclub\/wp-content\/uploads\/2015\/09\/Coon-Dog.mp3\">Coon Dog<\/a> by Stephanie Coleman&nbsp;&nbsp;&nbsp;&nbsp;&nbsp;&nbsp;&nbsp;&nbsp;&nbsp;&nbsp;&nbsp;&nbsp;&nbsp;&nbsp;&nbsp;&nbsp;&nbsp;&nbsp;&nbsp;&nbsp;&nbsp;&nbsp;&nbsp;&nbsp;&nbsp;&nbsp;&nbsp;&nbsp;&nbsp;&nbsp;&nbsp;&nbsp;&nbsp;&nbsp;&nbsp;&nbsp;&nbsp;&nbsp;&nbsp;&nbsp;&nbsp;&nbsp;&nbsp;&nbsp;&nbsp;&nbsp;&nbsp;&nbsp;&nbsp;&nbsp;&nbsp;&nbsp; <a href=\"https:\/\/drdosido.net\/fiddleclub\/wp-content\/uploads\/2015\/09\/Coon-Dog.jpg\" target=\"_blank\" rel=\"noopener\">Notes<\/a><br \/>\n<audio class=\"wp-audio-shortcode\" id=\"audio-5030-2\" preload=\"none\" style=\"width: 100%;\" controls=\"controls\"><source type=\"audio\/mpeg\" src=\"https:\/\/drdosido.net\/fiddleclub\/wp-content\/uploads\/2015\/09\/Coon-Dog.mp3?_=2\" \/><a href=\"https:\/\/drdosido.net\/fiddleclub\/wp-content\/uploads\/2015\/09\/Coon-Dog.mp3\">https:\/\/drdosido.net\/fiddleclub\/wp-content\/uploads\/2015\/09\/Coon-Dog.mp3<\/a><\/audio><\/p>\n<p><a href=\"https:\/\/drdosido.net\/fiddleclub\/wp-content\/uploads\/2010\/07\/Daylight-in-the-Morning.mp3\">Daylight in the Morning<\/a> by Jim Lansford&nbsp;&nbsp; &nbsp; &nbsp; &nbsp; &nbsp; &nbsp; &nbsp; &nbsp; &nbsp; &nbsp; &nbsp; &nbsp; &nbsp; &nbsp; &nbsp; &nbsp; &nbsp; &nbsp; &nbsp; &nbsp;&nbsp;&nbsp;&nbsp; <a href=\"https:\/\/drdosido.net\/fiddleclub\/wp-content\/uploads\/2015\/09\/Daylight-in-the-Morning.jpg\" target=\"_blank\" rel=\"noopener\">Notes<\/a><br \/>\n<audio class=\"wp-audio-shortcode\" id=\"audio-5030-3\" preload=\"none\" style=\"width: 100%;\" controls=\"controls\"><source type=\"audio\/mpeg\" src=\"https:\/\/drdosido.net\/fiddleclub\/wp-content\/uploads\/2010\/07\/Daylight-in-the-Morning.mp3?_=3\" \/><a href=\"https:\/\/drdosido.net\/fiddleclub\/wp-content\/uploads\/2010\/07\/Daylight-in-the-Morning.mp3\">https:\/\/drdosido.net\/fiddleclub\/wp-content\/uploads\/2010\/07\/Daylight-in-the-Morning.mp3<\/a><\/audio><\/p>\n<p><a href=\"http:\/\/www.oldtownschool.org\/fiddle\/fun\/devilinthehaystack8679.mp3\">Devil in a Haystack<\/a> by the Indian Creek Delta Boys&nbsp;&nbsp; &nbsp; &nbsp; &nbsp; &nbsp; &nbsp; &nbsp; &nbsp; &nbsp; &nbsp; &nbsp; &nbsp; <a href=\"https:\/\/drdosido.net\/fiddleclub\/wp-content\/uploads\/2015\/09\/Devil-in-the-Haystack.jpg\" target=\"_blank\" rel=\"noopener\">Notes<\/a><br \/>\n<audio class=\"wp-audio-shortcode\" id=\"audio-5030-4\" preload=\"none\" style=\"width: 100%;\" controls=\"controls\"><source type=\"audio\/mpeg\" src=\"http:\/\/www.oldtownschool.org\/fiddle\/fun\/devilinthehaystack8679.mp3?_=4\" \/><a href=\"http:\/\/www.oldtownschool.org\/fiddle\/fun\/devilinthehaystack8679.mp3\">http:\/\/www.oldtownschool.org\/fiddle\/fun\/devilinthehaystack8679.mp3<\/a><\/audio><\/p>\n<p><a href=\"https:\/\/www.oldtownschool.org\/fiddle\/fun\/walkoldshoe,heelcomea-draggin6440.mp3\">Walk Old Shoe, Heel Come a-Draggin&#8217;<\/a> by the Volo Bogtrotters&nbsp; &nbsp; &nbsp;&nbsp; <a href=\"https:\/\/drdosido.net\/fiddleclub\/wp-content\/uploads\/2015\/09\/Walk-Old-Shoe.jpg\" target=\"_blank\" rel=\"noopener\">Notes<\/a><br \/>\n<audio class=\"wp-audio-shortcode\" id=\"audio-5030-5\" preload=\"none\" style=\"width: 100%;\" controls=\"controls\"><source type=\"audio\/mpeg\" src=\"https:\/\/www.oldtownschool.org\/fiddle\/fun\/walkoldshoe,heelcomea-draggin6440.mp3?_=5\" \/><a href=\"https:\/\/www.oldtownschool.org\/fiddle\/fun\/walkoldshoe,heelcomea-draggin6440.mp3\">https:\/\/www.oldtownschool.org\/fiddle\/fun\/walkoldshoe,heelcomea-draggin6440.mp3<\/a><\/audio><\/p>\n<p><strong>Mexico &amp; Latin America<\/strong><br \/>\n<a href=\"https:\/\/www.oldtownschool.org\/fiddle\/fun\/celeyapolka7063.mp3\">Celeya Polka<\/a> by Maria McCullough &amp; Paul Tyler &nbsp; &nbsp; &nbsp; &nbsp; &nbsp; &nbsp; &nbsp; &nbsp; &nbsp; &nbsp; &nbsp; &nbsp; &nbsp; &nbsp;&nbsp;&nbsp; <a href=\"https:\/\/drdosido.net\/fiddleclub\/wp-content\/uploads\/2015\/09\/Celeya-Polka.jpg\" target=\"_blank\" rel=\"noopener\">Notes<\/a><br \/>\n<audio class=\"wp-audio-shortcode\" id=\"audio-5030-6\" preload=\"none\" style=\"width: 100%;\" controls=\"controls\"><source type=\"audio\/mpeg\" src=\"https:\/\/www.oldtownschool.org\/fiddle\/fun\/celeyapolka7063.mp3?_=6\" \/><a href=\"https:\/\/www.oldtownschool.org\/fiddle\/fun\/celeyapolka7063.mp3\">https:\/\/www.oldtownschool.org\/fiddle\/fun\/celeyapolka7063.mp3<\/a><\/audio><\/p>\n<p><a href=\"https:\/\/drdosido.net\/fiddleclub\/wp-content\/uploads\/2008\/08\/el-pollo-pinta.mp3\">La Pollo Pinta<\/a> by Felipe Valle &amp; Juan Rivera &nbsp; &nbsp; &nbsp; &nbsp; &nbsp; &nbsp; &nbsp; &nbsp; &nbsp; &nbsp; &nbsp; &nbsp; &nbsp; &nbsp; &nbsp; &nbsp; &nbsp;&nbsp;&nbsp; <a href=\"https:\/\/drdosido.net\/fiddleclub\/wp-content\/uploads\/2015\/09\/La-Polla-Pinta.jpg\" target=\"_blank\" rel=\"noopener\">Notes<\/a><br \/>\n<audio class=\"wp-audio-shortcode\" id=\"audio-5030-7\" preload=\"none\" style=\"width: 100%;\" controls=\"controls\"><source type=\"audio\/mpeg\" src=\"https:\/\/drdosido.net\/fiddleclub\/wp-content\/uploads\/2008\/08\/el-pollo-pinta.mp3?_=7\" \/><a href=\"https:\/\/drdosido.net\/fiddleclub\/wp-content\/uploads\/2008\/08\/el-pollo-pinta.mp3\">https:\/\/drdosido.net\/fiddleclub\/wp-content\/uploads\/2008\/08\/el-pollo-pinta.mp3<\/a><\/audio><\/p>\n<p><a href=\"https:\/\/drdosido.net\/fiddleclub\/wp-content\/uploads\/2015\/09\/Valse-do-los-Pa\u00f1os.mp3\">Valse de los Panos<\/a> by Cleofes Ortiz&nbsp; &nbsp; &nbsp; &nbsp; &nbsp; &nbsp; &nbsp; &nbsp; &nbsp; &nbsp; &nbsp; &nbsp; &nbsp; &nbsp; &nbsp; &nbsp; &nbsp; &nbsp; &nbsp; &nbsp; &nbsp; &nbsp; &nbsp;&nbsp;&nbsp; <a href=\"https:\/\/drdosido.net\/fiddleclub\/wp-content\/uploads\/2015\/09\/Valse-de-los-Panos.jpg\" target=\"_blank\" rel=\"noopener\">Notes<\/a><br \/>\n<audio class=\"wp-audio-shortcode\" id=\"audio-5030-8\" preload=\"none\" style=\"width: 100%;\" controls=\"controls\"><source type=\"audio\/mpeg\" src=\"https:\/\/drdosido.net\/fiddleclub\/wp-content\/uploads\/2015\/09\/Valse-do-los-Pa\u00f1os.mp3?_=8\" \/><a href=\"https:\/\/drdosido.net\/fiddleclub\/wp-content\/uploads\/2015\/09\/Valse-do-los-Pa\u00f1os.mp3\">https:\/\/drdosido.net\/fiddleclub\/wp-content\/uploads\/2015\/09\/Valse-do-los-Pa\u00f1os.mp3<\/a><\/audio><\/p>\n<p><strong>Scandinavia<\/strong><br \/>\n<a href=\"https:\/\/drdosido.net\/fiddleclub\/wp-content\/uploads\/2010\/12\/Hamburger.mp3\">Hamburger<\/a> (Sweden) by Mary Allsopp &nbsp; &nbsp; &nbsp; &nbsp; &nbsp; &nbsp; &nbsp; &nbsp; &nbsp; &nbsp; &nbsp; &nbsp; &nbsp; &nbsp; &nbsp; &nbsp; &nbsp; &nbsp; &nbsp; &nbsp; &nbsp;&nbsp; <a href=\"https:\/\/drdosido.net\/fiddleclub\/wp-content\/uploads\/2015\/09\/Hamburger.jpg\" target=\"_blank\" rel=\"noopener\">Notes<\/a><br \/>\n<audio class=\"wp-audio-shortcode\" id=\"audio-5030-9\" preload=\"none\" style=\"width: 100%;\" controls=\"controls\"><source type=\"audio\/mpeg\" src=\"https:\/\/drdosido.net\/fiddleclub\/wp-content\/uploads\/2010\/12\/Hamburger.mp3?_=9\" \/><a href=\"https:\/\/drdosido.net\/fiddleclub\/wp-content\/uploads\/2010\/12\/Hamburger.mp3\">https:\/\/drdosido.net\/fiddleclub\/wp-content\/uploads\/2010\/12\/Hamburger.mp3<\/a><\/audio><\/p>\n<p><a href=\"https:\/\/drdosido.net\/fiddleclub\/wp-content\/uploads\/2010\/12\/Hast-Schottis.mp3\">H\u00e4st Schottische<\/a> (Sweden) by Mary Allsopp &nbsp; &nbsp; &nbsp; &nbsp; &nbsp; &nbsp; &nbsp; &nbsp; &nbsp; &nbsp; &nbsp; &nbsp; &nbsp; &nbsp; &nbsp; &nbsp;&nbsp; <a href=\"https:\/\/drdosido.net\/fiddleclub\/wp-content\/uploads\/2015\/09\/Hast-Schottis.jpg\" target=\"_blank\" rel=\"noopener\">Notes<\/a><br \/>\n<audio class=\"wp-audio-shortcode\" id=\"audio-5030-10\" preload=\"none\" style=\"width: 100%;\" controls=\"controls\"><source type=\"audio\/mpeg\" src=\"https:\/\/drdosido.net\/fiddleclub\/wp-content\/uploads\/2010\/12\/Hast-Schottis.mp3?_=10\" \/><a href=\"https:\/\/drdosido.net\/fiddleclub\/wp-content\/uploads\/2010\/12\/Hast-Schottis.mp3\">https:\/\/drdosido.net\/fiddleclub\/wp-content\/uploads\/2010\/12\/Hast-Schottis.mp3<\/a><\/audio><\/p>\n<p><a href=\"http:\/\/www.oldtownschool.org\/fiddle\/fun\/koputuspolka3379.mp3\">Koputus Polkka<\/a> (Finland) by Arto J\u00e4rvel\u00e4 &nbsp; &nbsp; &nbsp; &nbsp; &nbsp; &nbsp; &nbsp; &nbsp; &nbsp; &nbsp; &nbsp; &nbsp; &nbsp; &nbsp; &nbsp; &nbsp; &nbsp; &nbsp; &nbsp;&nbsp; <a href=\"https:\/\/drdosido.net\/fiddleclub\/wp-content\/uploads\/2015\/09\/Kopotus-Polka.jpg\" target=\"_blank\" rel=\"noopener\">Notes<\/a><br \/>\n<audio class=\"wp-audio-shortcode\" id=\"audio-5030-11\" preload=\"none\" style=\"width: 100%;\" controls=\"controls\"><source type=\"audio\/mpeg\" src=\"http:\/\/www.oldtownschool.org\/fiddle\/fun\/koputuspolka3379.mp3?_=11\" \/><a href=\"http:\/\/www.oldtownschool.org\/fiddle\/fun\/koputuspolka3379.mp3\">http:\/\/www.oldtownschool.org\/fiddle\/fun\/koputuspolka3379.mp3<\/a><\/audio><\/p>\n<p><a href=\"https:\/\/drdosido.net\/fiddleclub\/wp-content\/uploads\/2015\/09\/Langdans-fra-Soleran.mp3\">Langdans fr\u00e5 Soleran<\/a> (Sweden) by Tim Anderson &amp; ScandiJam&nbsp;&nbsp; <a href=\"https:\/\/drdosido.net\/fiddleclub\/wp-content\/uploads\/2015\/09\/Langdans-fra-Soleron.jpg\" target=\"_blank\" rel=\"noopener\">Notes<\/a><br \/>\n<audio class=\"wp-audio-shortcode\" id=\"audio-5030-12\" preload=\"none\" style=\"width: 100%;\" controls=\"controls\"><source type=\"audio\/mpeg\" src=\"https:\/\/drdosido.net\/fiddleclub\/wp-content\/uploads\/2015\/09\/Langdans-fra-Soleran.mp3?_=12\" \/><a href=\"https:\/\/drdosido.net\/fiddleclub\/wp-content\/uploads\/2015\/09\/Langdans-fra-Soleran.mp3\">https:\/\/drdosido.net\/fiddleclub\/wp-content\/uploads\/2015\/09\/Langdans-fra-Soleran.mp3<\/a><\/audio><\/p>\n<p><a href=\"https:\/\/drdosido.net\/fiddleclub\/wp-content\/uploads\/2015\/05\/Storm.mp3\">Storm<\/a> (Denmark) by Kristian Bugge &amp; Andy May&nbsp;&nbsp;&nbsp;&nbsp;&nbsp;&nbsp;&nbsp;&nbsp;&nbsp;&nbsp;&nbsp;&nbsp;&nbsp;&nbsp;&nbsp;&nbsp;&nbsp;&nbsp;&nbsp;&nbsp;&nbsp;&nbsp;&nbsp;&nbsp;&nbsp;&nbsp;&nbsp; <a href=\"https:\/\/drdosido.net\/fiddleclub\/wp-content\/uploads\/2015\/09\/Storm.jpg\" target=\"_blank\" rel=\"noopener\">Notes<\/a><br \/>\n<audio class=\"wp-audio-shortcode\" id=\"audio-5030-13\" preload=\"none\" style=\"width: 100%;\" controls=\"controls\"><source type=\"audio\/mpeg\" src=\"https:\/\/drdosido.net\/fiddleclub\/wp-content\/uploads\/2015\/05\/Storm.mp3?_=13\" \/><a href=\"https:\/\/drdosido.net\/fiddleclub\/wp-content\/uploads\/2015\/05\/Storm.mp3\">https:\/\/drdosido.net\/fiddleclub\/wp-content\/uploads\/2015\/05\/Storm.mp3<\/a><\/audio><\/p>\n<p><a href=\"https:\/\/drdosido.net\/fiddleclub\/wp-content\/uploads\/2013\/06\/Vi-Ska-Ut-Och-Ga.mp3\">Upp o Ut o Gar<\/a> (Sweden) song melody by Bj\u00e4rv &nbsp; &nbsp; &nbsp; &nbsp; &nbsp; &nbsp; &nbsp; &nbsp; &nbsp; &nbsp; &nbsp; &nbsp; &nbsp; &nbsp; <a href=\"https:\/\/drdosido.net\/fiddleclub\/wp-content\/uploads\/2015\/09\/Upp-o-ut-o-gar.jpg\" target=\"_blank\" rel=\"noopener\">Notes<\/a><br \/>\n<audio class=\"wp-audio-shortcode\" id=\"audio-5030-14\" preload=\"none\" style=\"width: 100%;\" controls=\"controls\"><source type=\"audio\/mpeg\" src=\"https:\/\/drdosido.net\/fiddleclub\/wp-content\/uploads\/2013\/06\/Vi-Ska-Ut-Och-Ga.mp3?_=14\" \/><a href=\"https:\/\/drdosido.net\/fiddleclub\/wp-content\/uploads\/2013\/06\/Vi-Ska-Ut-Och-Ga.mp3\">https:\/\/drdosido.net\/fiddleclub\/wp-content\/uploads\/2013\/06\/Vi-Ska-Ut-Och-Ga.mp3<\/a><\/audio><\/p>\n<p><a href=\"https:\/\/drdosido.net\/fiddleclub\/wp-content\/uploads\/2010\/05\/Viktors-vals.mp3\">Viktor&#8217;s Vals<\/a> (Finland) by the Polka Chicks &nbsp; &nbsp; &nbsp; &nbsp; &nbsp; &nbsp; &nbsp; &nbsp; &nbsp; &nbsp; &nbsp; &nbsp; &nbsp; &nbsp; &nbsp; &nbsp; &nbsp; &nbsp;&nbsp; <a href=\"https:\/\/drdosido.net\/fiddleclub\/wp-content\/uploads\/2015\/09\/Viktors-Vals.jpg\" target=\"_blank\" rel=\"noopener\">Notes<\/a><br \/>\n<audio class=\"wp-audio-shortcode\" id=\"audio-5030-15\" preload=\"none\" style=\"width: 100%;\" controls=\"controls\"><source type=\"audio\/mpeg\" src=\"https:\/\/drdosido.net\/fiddleclub\/wp-content\/uploads\/2010\/05\/Viktors-vals.mp3?_=15\" \/><a href=\"https:\/\/drdosido.net\/fiddleclub\/wp-content\/uploads\/2010\/05\/Viktors-vals.mp3\">https:\/\/drdosido.net\/fiddleclub\/wp-content\/uploads\/2010\/05\/Viktors-vals.mp3<\/a><\/audio><\/p>\n<p><strong>British Isles<\/strong><br \/>\n<a href=\"https:\/\/drdosido.net\/fiddleclub\/wp-content\/uploads\/2011\/05\/Cuz-Teahans-Polka.mp3\">Cuz Teahan&#8217;s Polka<\/a> (Ireland) by Kathleen Keane &nbsp; &nbsp; &nbsp; &nbsp; &nbsp; &nbsp; &nbsp; &nbsp; &nbsp; &nbsp; &nbsp; &nbsp; &nbsp;&nbsp; <a href=\"https:\/\/drdosido.net\/fiddleclub\/wp-content\/uploads\/2015\/09\/Cuz-Teahans-Polka.jpg\" target=\"_blank\" rel=\"noopener\">Notes<\/a><br \/>\n<audio class=\"wp-audio-shortcode\" id=\"audio-5030-16\" preload=\"none\" style=\"width: 100%;\" controls=\"controls\"><source type=\"audio\/mpeg\" src=\"https:\/\/drdosido.net\/fiddleclub\/wp-content\/uploads\/2011\/05\/Cuz-Teahans-Polka.mp3?_=16\" \/><a href=\"https:\/\/drdosido.net\/fiddleclub\/wp-content\/uploads\/2011\/05\/Cuz-Teahans-Polka.mp3\">https:\/\/drdosido.net\/fiddleclub\/wp-content\/uploads\/2011\/05\/Cuz-Teahans-Polka.mp3<\/a><\/audio><\/p>\n<p><a href=\"http:\/\/www.oldtownschool.org\/fiddle\/fun\/jaimeallenandsalmontailsupthewater5510.mp3\">Jamie Allen\/Salmon Tales Up the Water<\/a> (England) Hexham Gathering jam session <a href=\"https:\/\/drdosido.net\/fiddleclub\/wp-content\/uploads\/2015\/09\/Jamie-Allen.jpg\" target=\"_blank\" rel=\"noopener\">Notes<\/a><br \/>\n<audio class=\"wp-audio-shortcode\" id=\"audio-5030-17\" preload=\"none\" style=\"width: 100%;\" controls=\"controls\"><source type=\"audio\/mpeg\" src=\"http:\/\/www.oldtownschool.org\/fiddle\/fun\/jaimeallenandsalmontailsupthewater5510.mp3?_=17\" \/><a href=\"http:\/\/www.oldtownschool.org\/fiddle\/fun\/jaimeallenandsalmontailsupthewater5510.mp3\">http:\/\/www.oldtownschool.org\/fiddle\/fun\/jaimeallenandsalmontailsupthewater5510.mp3<\/a><\/audio><\/p>\n<p><a href=\"https:\/\/drdosido.net\/fiddleclub\/wp-content\/uploads\/2014\/04\/Rusty-Gulley.mp3\">Rusty Gulley<\/a> (England) by Folkestra &nbsp; &nbsp; &nbsp; &nbsp; &nbsp; &nbsp; &nbsp; &nbsp; &nbsp; &nbsp; &nbsp; &nbsp; &nbsp; &nbsp; &nbsp; &nbsp; &nbsp; &nbsp; &nbsp; &nbsp; &nbsp; &nbsp; &nbsp;&nbsp; <a href=\"https:\/\/drdosido.net\/fiddleclub\/wp-content\/uploads\/2015\/09\/Rusty-Gulley.jpg\" target=\"_blank\" rel=\"noopener\">Notes<\/a><br \/>\n<audio class=\"wp-audio-shortcode\" id=\"audio-5030-18\" preload=\"none\" style=\"width: 100%;\" controls=\"controls\"><source type=\"audio\/mpeg\" src=\"https:\/\/drdosido.net\/fiddleclub\/wp-content\/uploads\/2014\/04\/Rusty-Gulley.mp3?_=18\" \/><a href=\"https:\/\/drdosido.net\/fiddleclub\/wp-content\/uploads\/2014\/04\/Rusty-Gulley.mp3\">https:\/\/drdosido.net\/fiddleclub\/wp-content\/uploads\/2014\/04\/Rusty-Gulley.mp3<\/a><\/audio><\/p>\n<p><a href=\"https:\/\/drdosido.net\/fiddleclub\/wp-content\/uploads\/2014\/06\/Burke-Sullivans_Polka-Britches.mp3\">Sullivan&#8217;s Polka\/Britches Full of Stitches<\/a> (Ireland) &nbsp; &nbsp; &nbsp; &nbsp; &nbsp; &nbsp; &nbsp; &nbsp; &nbsp; &nbsp; &nbsp; &nbsp; &nbsp; <a href=\"https:\/\/drdosido.net\/fiddleclub\/wp-content\/uploads\/2015\/09\/Sullivans-Polka.jpg\" target=\"_blank\" rel=\"noopener\">Notes<\/a><br \/>\n<audio class=\"wp-audio-shortcode\" id=\"audio-5030-19\" preload=\"none\" style=\"width: 100%;\" controls=\"controls\"><source type=\"audio\/mpeg\" src=\"https:\/\/drdosido.net\/fiddleclub\/wp-content\/uploads\/2014\/06\/Burke-Sullivans_Polka-Britches.mp3?_=19\" \/><a href=\"https:\/\/drdosido.net\/fiddleclub\/wp-content\/uploads\/2014\/06\/Burke-Sullivans_Polka-Britches.mp3\">https:\/\/drdosido.net\/fiddleclub\/wp-content\/uploads\/2014\/06\/Burke-Sullivans_Polka-Britches.mp3<\/a><\/audio><\/p>\n<p><strong>Various Continents<\/strong><br \/>\n<a href=\"https:\/\/drdosido.net\/fiddleclub\/wp-content\/uploads\/2013\/10\/Fiselekh-Fiselekh.mp3\">Fiselekh Fiselekh<\/a> (Klezmer) by Stuart Rosenberg &nbsp; &nbsp; &nbsp; &nbsp; &nbsp; &nbsp; &nbsp; &nbsp; &nbsp; &nbsp; &nbsp; &nbsp;&nbsp; <a href=\"https:\/\/drdosido.net\/fiddleclub\/wp-content\/uploads\/2015\/09\/Fiselekh-Fiselekh.jpg\" target=\"_blank\" rel=\"noopener\">Notes<\/a><br \/>\n<audio class=\"wp-audio-shortcode\" id=\"audio-5030-20\" preload=\"none\" style=\"width: 100%;\" controls=\"controls\"><source type=\"audio\/mpeg\" src=\"https:\/\/drdosido.net\/fiddleclub\/wp-content\/uploads\/2013\/10\/Fiselekh-Fiselekh.mp3?_=20\" \/><a href=\"https:\/\/drdosido.net\/fiddleclub\/wp-content\/uploads\/2013\/10\/Fiselekh-Fiselekh.mp3\">https:\/\/drdosido.net\/fiddleclub\/wp-content\/uploads\/2013\/10\/Fiselekh-Fiselekh.mp3<\/a><\/audio><\/p>\n<p><a href=\"https:\/\/drdosido.net\/fiddleclub\/wp-content\/uploads\/2011\/12\/Hutsulky.mp3\">Hutsulky<\/a> (Ukraine) by Michi Regier&nbsp;&nbsp;&nbsp;&nbsp;&nbsp;&nbsp;&nbsp;&nbsp;&nbsp;&nbsp;&nbsp;&nbsp;&nbsp;&nbsp;&nbsp;&nbsp;&nbsp;&nbsp;&nbsp;&nbsp;&nbsp;&nbsp;&nbsp;&nbsp;&nbsp;&nbsp;&nbsp;&nbsp;&nbsp;&nbsp;&nbsp;&nbsp;&nbsp;&nbsp;&nbsp;&nbsp;&nbsp;&nbsp;&nbsp;&nbsp;&nbsp;&nbsp;&nbsp;&nbsp;&nbsp;&nbsp;&nbsp;&nbsp;&nbsp;&nbsp; <a href=\"https:\/\/drdosido.net\/fiddleclub\/wp-content\/uploads\/2015\/09\/Hutsulky.jpg\" target=\"_blank\" rel=\"noopener\">Notes<\/a><br \/>\n<audio class=\"wp-audio-shortcode\" id=\"audio-5030-21\" preload=\"none\" style=\"width: 100%;\" controls=\"controls\"><source type=\"audio\/mpeg\" src=\"https:\/\/drdosido.net\/fiddleclub\/wp-content\/uploads\/2011\/12\/Hutsulky.mp3?_=21\" \/><a href=\"https:\/\/drdosido.net\/fiddleclub\/wp-content\/uploads\/2011\/12\/Hutsulky.mp3\">https:\/\/drdosido.net\/fiddleclub\/wp-content\/uploads\/2011\/12\/Hutsulky.mp3<\/a><\/audio><\/p>\n<p><a href=\"https:\/\/drdosido.net\/fiddleclub\/wp-content\/uploads\/2015\/01\/Kagara-Napupolka.mp3\">K\u00e4g\u00e4ra-N\u00e4pupolka<\/a> (Estonia) by Ain Haas&nbsp;&nbsp;&nbsp;&nbsp;&nbsp;&nbsp;&nbsp;&nbsp;&nbsp;&nbsp;&nbsp;&nbsp;&nbsp;&nbsp;&nbsp;&nbsp;&nbsp;&nbsp;&nbsp;&nbsp;&nbsp;&nbsp;&nbsp;&nbsp;&nbsp;&nbsp;&nbsp;&nbsp;&nbsp;&nbsp;&nbsp;&nbsp;&nbsp;&nbsp;&nbsp;&nbsp;&nbsp;&nbsp;&nbsp; <a href=\"https:\/\/drdosido.net\/fiddleclub\/wp-content\/uploads\/2015\/09\/Kagara-Napupolka.jpg\" target=\"_blank\" rel=\"noopener\">Notes<\/a><br \/>\n<audio class=\"wp-audio-shortcode\" id=\"audio-5030-22\" preload=\"none\" style=\"width: 100%;\" controls=\"controls\"><source type=\"audio\/mpeg\" src=\"https:\/\/drdosido.net\/fiddleclub\/wp-content\/uploads\/2015\/01\/Kagara-Napupolka.mp3?_=22\" \/><a href=\"https:\/\/drdosido.net\/fiddleclub\/wp-content\/uploads\/2015\/01\/Kagara-Napupolka.mp3\">https:\/\/drdosido.net\/fiddleclub\/wp-content\/uploads\/2015\/01\/Kagara-Napupolka.mp3<\/a><\/audio><\/p>\n<p><a href=\"https:\/\/drdosido.net\/fiddleclub\/wp-content\/uploads\/2015\/01\/Tibujalg.mp3\">Tibujalg<\/a> (Estonia) by Indrek Kalda &amp; Tiit Kikas&nbsp;&nbsp;&nbsp;&nbsp;&nbsp;&nbsp;&nbsp;&nbsp;&nbsp;&nbsp;&nbsp;&nbsp;&nbsp;&nbsp;&nbsp;&nbsp;&nbsp;&nbsp;&nbsp;&nbsp;&nbsp;&nbsp;&nbsp;&nbsp;&nbsp;&nbsp;&nbsp;&nbsp;&nbsp;&nbsp;&nbsp;&nbsp; <a href=\"https:\/\/drdosido.net\/fiddleclub\/wp-content\/uploads\/2015\/09\/Tibujalg.jpg\" target=\"_blank\" rel=\"noopener\">Notes<\/a><br \/>\n<audio class=\"wp-audio-shortcode\" id=\"audio-5030-23\" preload=\"none\" style=\"width: 100%;\" controls=\"controls\"><source type=\"audio\/mpeg\" src=\"https:\/\/drdosido.net\/fiddleclub\/wp-content\/uploads\/2015\/01\/Tibujalg.mp3?_=23\" \/><a href=\"https:\/\/drdosido.net\/fiddleclub\/wp-content\/uploads\/2015\/01\/Tibujalg.mp3\">https:\/\/drdosido.net\/fiddleclub\/wp-content\/uploads\/2015\/01\/Tibujalg.mp3<\/a><\/audio><\/p>\n<p><a href=\"https:\/\/drdosido.net\/fiddleclub\/wp-content\/uploads\/2011\/05\/Woyaya.mp3\">Woyaya<\/a> (Africa) by Sule Greg Wilson &nbsp; &nbsp; &nbsp; &nbsp; &nbsp; &nbsp; &nbsp; &nbsp; &nbsp; &nbsp; &nbsp; &nbsp; &nbsp; &nbsp; &nbsp; &nbsp; &nbsp; &nbsp; &nbsp; &nbsp; &nbsp; &nbsp; <a href=\"https:\/\/drdosido.net\/fiddleclub\/wp-content\/uploads\/2015\/09\/Woyaya.jpg\" target=\"_blank\" rel=\"noopener\">Notes<\/a><br \/>\n<audio class=\"wp-audio-shortcode\" id=\"audio-5030-24\" preload=\"none\" style=\"width: 100%;\" controls=\"controls\"><source type=\"audio\/mpeg\" src=\"https:\/\/drdosido.net\/fiddleclub\/wp-content\/uploads\/2011\/05\/Woyaya.mp3?_=24\" \/><a href=\"https:\/\/drdosido.net\/fiddleclub\/wp-content\/uploads\/2011\/05\/Woyaya.mp3\">https:\/\/drdosido.net\/fiddleclub\/wp-content\/uploads\/2011\/05\/Woyaya.mp3<\/a><\/audio><\/p>\n","protected":false},"excerpt":{"rendered":"<p>Please join us at our monthly jams at Gideon Welles pub (4500 N. Lincoln in Chicago). We usually meet at 7pm on the third Sunday of the month. (Check the Fiddle Club Facebook page for updated information.) You don&#8217;t have &hellip; <a href=\"https:\/\/drdosido.net\/fiddleclub\/first-tunes-for-jams\/\">Continue reading <span class=\"meta-nav\">&rarr;<\/span><\/a><\/p>\n","protected":false},"author":1,"featured_media":0,"parent":0,"menu_order":0,"comment_status":"closed","ping_status":"closed","template":"","meta":{"footnotes":""},"class_list":["post-5030","page","type-page","status-publish","hentry"],"_links":{"self":[{"href":"https:\/\/drdosido.net\/fiddleclub\/wp-json\/wp\/v2\/pages\/5030","targetHints":{"allow":["GET"]}}],"collection":[{"href":"https:\/\/drdosido.net\/fiddleclub\/wp-json\/wp\/v2\/pages"}],"about":[{"href":"https:\/\/drdosido.net\/fiddleclub\/wp-json\/wp\/v2\/types\/page"}],"author":[{"embeddable":true,"href":"https:\/\/drdosido.net\/fiddleclub\/wp-json\/wp\/v2\/users\/1"}],"replies":[{"embeddable":true,"href":"https:\/\/drdosido.net\/fiddleclub\/wp-json\/wp\/v2\/comments?post=5030"}],"version-history":[{"count":25,"href":"https:\/\/drdosido.net\/fiddleclub\/wp-json\/wp\/v2\/pages\/5030\/revisions"}],"predecessor-version":[{"id":5507,"href":"https:\/\/drdosido.net\/fiddleclub\/wp-json\/wp\/v2\/pages\/5030\/revisions\/5507"}],"wp:attachment":[{"href":"https:\/\/drdosido.net\/fiddleclub\/wp-json\/wp\/v2\/media?parent=5030"}],"curies":[{"name":"wp","href":"https:\/\/api.w.org\/{rel}","templated":true}]}}