{"id":4908,"date":"2015-05-23T12:04:57","date_gmt":"2015-05-23T17:04:57","guid":{"rendered":"http:\/\/drdosido.net\/fiddleclub\/?page_id=4908"},"modified":"2024-02-19T14:48:09","modified_gmt":"2024-02-19T19:48:09","slug":"more-tunes-for-jams","status":"publish","type":"page","link":"https:\/\/drdosido.net\/fiddleclub\/more-tunes-for-jams\/","title":{"rendered":"More Tunes for FCW Orchestra"},"content":{"rendered":"<p>* Music notation for most of these tunes can be found in <a href=\"https:\/\/drdosido.net\/fiddleclub\/wp-content\/uploads\/2016\/07\/Make-Music-Chicago-Tunebook.pdf\" target=\"_blank\" rel=\"noopener\">this PDF file<\/a>, while ABC notation for the same tunes is in <a href=\"https:\/\/drdosido.net\/fiddleclub\/wp-content\/uploads\/2015\/05\/Make-Music-Chicago-2015-ABCs.pdf\" target=\"_blank\" rel=\"noopener\">this other one<\/a>.<\/p>\n<p><strong>USA<\/strong><br \/>\n<a href=\"https:\/\/drdosido.net\/fiddleclub\/wp-content\/uploads\/2015\/05\/Golden-Slippers.mp3\">Golden Slippers<\/a> by the Fantastic Toe Trippers<br \/>\n<audio class=\"wp-audio-shortcode\" id=\"audio-4908-1\" preload=\"none\" style=\"width: 100%;\" controls=\"controls\"><source type=\"audio\/mpeg\" src=\"https:\/\/drdosido.net\/fiddleclub\/wp-content\/uploads\/2015\/05\/Golden-Slippers.mp3?_=1\" \/><a href=\"https:\/\/drdosido.net\/fiddleclub\/wp-content\/uploads\/2015\/05\/Golden-Slippers.mp3\">https:\/\/drdosido.net\/fiddleclub\/wp-content\/uploads\/2015\/05\/Golden-Slippers.mp3<\/a><\/audio><\/p>\n<p><a href=\"https:\/\/drdosido.net\/fiddleclub\/wp-content\/uploads\/2015\/09\/Litchfield.mp3\">Litchfield<\/a> by White Mule (Genevieve &amp; Smith Koester)<br \/>\n<audio class=\"wp-audio-shortcode\" id=\"audio-4908-2\" preload=\"none\" style=\"width: 100%;\" controls=\"controls\"><source type=\"audio\/mpeg\" src=\"https:\/\/drdosido.net\/fiddleclub\/wp-content\/uploads\/2015\/09\/Litchfield.mp3?_=2\" \/><a href=\"https:\/\/drdosido.net\/fiddleclub\/wp-content\/uploads\/2015\/09\/Litchfield.mp3\">https:\/\/drdosido.net\/fiddleclub\/wp-content\/uploads\/2015\/09\/Litchfield.mp3<\/a><\/audio><\/p>\n<p><a href=\"http:\/\/drdosido.net\/catcher\/greatlakes\/lotus\/Missouri_Waltz.mp3\">Missouri Waltz<\/a> by Lotus Dickey &amp; Friends<br \/>\n<audio class=\"wp-audio-shortcode\" id=\"audio-4908-3\" preload=\"none\" style=\"width: 100%;\" controls=\"controls\"><source type=\"audio\/mpeg\" src=\"http:\/\/drdosido.net\/catcher\/greatlakes\/lotus\/Missouri_Waltz.mp3?_=3\" \/><a href=\"http:\/\/drdosido.net\/catcher\/greatlakes\/lotus\/Missouri_Waltz.mp3\">http:\/\/drdosido.net\/catcher\/greatlakes\/lotus\/Missouri_Waltz.mp3<\/a><\/audio><\/p>\n<p><a href=\"https:\/\/drdosido.net\/fiddleclub\/wp-content\/uploads\/2010\/09\/She-Ought-of-Been-a-Lady.mp3\">She Oughta Been a Lady<\/a> (aka Twin Sisters) by Vesta Johnson<br \/>\n<audio class=\"wp-audio-shortcode\" id=\"audio-4908-4\" preload=\"none\" style=\"width: 100%;\" controls=\"controls\"><source type=\"audio\/mpeg\" src=\"https:\/\/drdosido.net\/fiddleclub\/wp-content\/uploads\/2010\/09\/She-Ought-of-Been-a-Lady.mp3?_=4\" \/><a href=\"https:\/\/drdosido.net\/fiddleclub\/wp-content\/uploads\/2010\/09\/She-Ought-of-Been-a-Lady.mp3\">https:\/\/drdosido.net\/fiddleclub\/wp-content\/uploads\/2010\/09\/She-Ought-of-Been-a-Lady.mp3<\/a><\/audio><\/p>\n<p><a href=\"https:\/\/www.oldtownschool.org\/fiddle\/fun\/snoutsandearsofamerica7614.mp3\">Snouts and Ears of America<\/a> by Chirps Smith<br \/>\n<audio class=\"wp-audio-shortcode\" id=\"audio-4908-5\" preload=\"none\" style=\"width: 100%;\" controls=\"controls\"><source type=\"audio\/mpeg\" src=\"https:\/\/www.oldtownschool.org\/fiddle\/fun\/snoutsandearsofamerica7614.mp3?_=5\" \/><a href=\"https:\/\/www.oldtownschool.org\/fiddle\/fun\/snoutsandearsofamerica7614.mp3\">https:\/\/www.oldtownschool.org\/fiddle\/fun\/snoutsandearsofamerica7614.mp3<\/a><\/audio><\/p>\n<p><a href=\"https:\/\/drdosido.net\/fiddleclub\/wp-content\/uploads\/2008\/04\/ten-cents.mp3\">Ten Cents<\/a> by Chirps Smith<br \/>\n<audio class=\"wp-audio-shortcode\" id=\"audio-4908-6\" preload=\"none\" style=\"width: 100%;\" controls=\"controls\"><source type=\"audio\/mpeg\" src=\"https:\/\/drdosido.net\/fiddleclub\/wp-content\/uploads\/2008\/04\/ten-cents.mp3?_=6\" \/><a href=\"https:\/\/drdosido.net\/fiddleclub\/wp-content\/uploads\/2008\/04\/ten-cents.mp3\">https:\/\/drdosido.net\/fiddleclub\/wp-content\/uploads\/2008\/04\/ten-cents.mp3<\/a><\/audio><\/p>\n<p><strong>Mexico &amp; Latin America<\/strong><br \/>\n<a href=\"https:\/\/drdosido.net\/fiddleclub\/wp-content\/uploads\/2015\/05\/Purple_Lillies_Polka.mp3\">Purple Lilies Polka<\/a> by the Gu&#8217;Achi Fiddlers<br \/>\n<audio class=\"wp-audio-shortcode\" id=\"audio-4908-7\" preload=\"none\" style=\"width: 100%;\" controls=\"controls\"><source type=\"audio\/mpeg\" src=\"https:\/\/drdosido.net\/fiddleclub\/wp-content\/uploads\/2015\/05\/Purple_Lillies_Polka.mp3?_=7\" \/><a href=\"https:\/\/drdosido.net\/fiddleclub\/wp-content\/uploads\/2015\/05\/Purple_Lillies_Polka.mp3\">https:\/\/drdosido.net\/fiddleclub\/wp-content\/uploads\/2015\/05\/Purple_Lillies_Polka.mp3<\/a><\/audio><\/p>\n<p><a href=\"https:\/\/www.oldtownschool.org\/fiddle\/fun\/elviento4794.mp3\">El Viento<\/a> by Maria McCullough &amp; Paul Tyler<br \/>\n<audio class=\"wp-audio-shortcode\" id=\"audio-4908-8\" preload=\"none\" style=\"width: 100%;\" controls=\"controls\"><source type=\"audio\/mpeg\" src=\"https:\/\/www.oldtownschool.org\/fiddle\/fun\/elviento4794.mp3?_=8\" \/><a href=\"https:\/\/www.oldtownschool.org\/fiddle\/fun\/elviento4794.mp3\">https:\/\/www.oldtownschool.org\/fiddle\/fun\/elviento4794.mp3<\/a><\/audio><\/p>\n<p><strong>Scandinavia<\/strong><br \/>\n<a href=\"https:\/\/drdosido.net\/fiddleclub\/wp-content\/uploads\/2011\/07\/Wedding-polkka-efter-Edward-%C3%96st.mp3\">Brudpolkka<\/a> (Finland) by Arto J\u00e4rvel\u00e4 from Edward \u00d6st<br \/>\n<audio class=\"wp-audio-shortcode\" id=\"audio-4908-9\" preload=\"none\" style=\"width: 100%;\" controls=\"controls\"><source type=\"audio\/mpeg\" src=\"https:\/\/drdosido.net\/fiddleclub\/wp-content\/uploads\/2011\/07\/Wedding-polkka-efter-Edward-%C3%96st.mp3?_=9\" \/><a href=\"https:\/\/drdosido.net\/fiddleclub\/wp-content\/uploads\/2011\/07\/Wedding-polkka-efter-Edward-%C3%96st.mp3\">https:\/\/drdosido.net\/fiddleclub\/wp-content\/uploads\/2011\/07\/Wedding-polkka-efter-Edward-%C3%96st.mp3<\/a><\/audio><\/p>\n<p><a href=\"https:\/\/drdosido.net\/fiddleclub\/wp-content\/uploads\/2015\/05\/Polonaese_Svobsk.mp3\">Polon\u00e6se Sv\u00f8bsk<\/a> (Denmark) by Mette Jensen &amp; Kristian Bugge<br \/>\n<audio class=\"wp-audio-shortcode\" id=\"audio-4908-10\" preload=\"none\" style=\"width: 100%;\" controls=\"controls\"><source type=\"audio\/mpeg\" src=\"https:\/\/drdosido.net\/fiddleclub\/wp-content\/uploads\/2015\/05\/Polonaese_Svobsk.mp3?_=10\" \/><a href=\"https:\/\/drdosido.net\/fiddleclub\/wp-content\/uploads\/2015\/05\/Polonaese_Svobsk.mp3\">https:\/\/drdosido.net\/fiddleclub\/wp-content\/uploads\/2015\/05\/Polonaese_Svobsk.mp3<\/a><\/audio><\/p>\n<p><a href=\"https:\/\/drdosido.net\/fiddleclub\/wp-content\/uploads\/2015\/09\/Slangpolska-fra-Kumla.mp3\">Slangpolska fr\u00e5 Kumla<\/a> (Sweden) by Catherine Werner &amp; Fiddle Club<br \/>\n<audio class=\"wp-audio-shortcode\" id=\"audio-4908-11\" preload=\"none\" style=\"width: 100%;\" controls=\"controls\"><source type=\"audio\/mpeg\" src=\"https:\/\/drdosido.net\/fiddleclub\/wp-content\/uploads\/2015\/09\/Slangpolska-fra-Kumla.mp3?_=11\" \/><a href=\"https:\/\/drdosido.net\/fiddleclub\/wp-content\/uploads\/2015\/09\/Slangpolska-fra-Kumla.mp3\">https:\/\/drdosido.net\/fiddleclub\/wp-content\/uploads\/2015\/09\/Slangpolska-fra-Kumla.mp3<\/a><\/audio><\/p>\n<p><a href=\"https:\/\/drdosido.net\/fiddleclub\/wp-content\/uploads\/2014\/09\/Foops.mp3\">Spoofs #8\/#1<\/a> (Finland) by Arto &amp; Antti J\u00e4rvel\u00e4<br \/>\n<audio class=\"wp-audio-shortcode\" id=\"audio-4908-12\" preload=\"none\" style=\"width: 100%;\" controls=\"controls\"><source type=\"audio\/mpeg\" src=\"https:\/\/drdosido.net\/fiddleclub\/wp-content\/uploads\/2014\/09\/Foops.mp3?_=12\" \/><a href=\"https:\/\/drdosido.net\/fiddleclub\/wp-content\/uploads\/2014\/09\/Foops.mp3\">https:\/\/drdosido.net\/fiddleclub\/wp-content\/uploads\/2014\/09\/Foops.mp3<\/a><\/audio><\/p>\n<p><a href=\"https:\/\/drdosido.net\/fiddleclub\/wp-content\/uploads\/2013\/09\/Vals.mp3\">Vidar&#8217;s Vals<\/a> (Norway) by Vidar Skrede<br \/>\n<audio class=\"wp-audio-shortcode\" id=\"audio-4908-13\" preload=\"none\" style=\"width: 100%;\" controls=\"controls\"><source type=\"audio\/mpeg\" src=\"https:\/\/drdosido.net\/fiddleclub\/wp-content\/uploads\/2013\/09\/Vals.mp3?_=13\" \/><a href=\"https:\/\/drdosido.net\/fiddleclub\/wp-content\/uploads\/2013\/09\/Vals.mp3\">https:\/\/drdosido.net\/fiddleclub\/wp-content\/uploads\/2013\/09\/Vals.mp3<\/a><\/audio><\/p>\n<p><strong>British Isles<\/strong><br \/>\n<a href=\"https:\/\/drdosido.net\/fiddleclub\/wp-content\/uploads\/2014\/06\/The-Blackthorn-Stick.mp3\">Blackthorn Stick<\/a> (Ireland)<br \/>\n<audio class=\"wp-audio-shortcode\" id=\"audio-4908-14\" preload=\"none\" style=\"width: 100%;\" controls=\"controls\"><source type=\"audio\/mpeg\" src=\"https:\/\/drdosido.net\/fiddleclub\/wp-content\/uploads\/2014\/06\/The-Blackthorn-Stick.mp3?_=14\" \/><a href=\"https:\/\/drdosido.net\/fiddleclub\/wp-content\/uploads\/2014\/06\/The-Blackthorn-Stick.mp3\">https:\/\/drdosido.net\/fiddleclub\/wp-content\/uploads\/2014\/06\/The-Blackthorn-Stick.mp3<\/a><\/audio><\/p>\n<p><a href=\"https:\/\/drdosido.net\/fiddleclub\/wp-content\/uploads\/2015\/09\/Connaughtmans-Rambles.mp3\">Connaughtman&#8217;s Rambles<\/a> (Ireland)<br \/>\n<audio class=\"wp-audio-shortcode\" id=\"audio-4908-15\" preload=\"none\" style=\"width: 100%;\" controls=\"controls\"><source type=\"audio\/mpeg\" src=\"https:\/\/drdosido.net\/fiddleclub\/wp-content\/uploads\/2015\/09\/Connaughtmans-Rambles.mp3?_=15\" \/><a href=\"https:\/\/drdosido.net\/fiddleclub\/wp-content\/uploads\/2015\/09\/Connaughtmans-Rambles.mp3\">https:\/\/drdosido.net\/fiddleclub\/wp-content\/uploads\/2015\/09\/Connaughtmans-Rambles.mp3<\/a><\/audio><\/p>\n<p><strong>Various Continents<\/strong><br \/>\n<a href=\"https:\/\/drdosido.net\/fiddleclub\/wp-content\/uploads\/2015\/09\/Brazilian-Tune-voices.mp3\">Brazilian Tune<\/a> by Anni Spring &amp; Pop Wagner (learned from Kenny Hall)<br \/>\n<audio class=\"wp-audio-shortcode\" id=\"audio-4908-16\" preload=\"none\" style=\"width: 100%;\" controls=\"controls\"><source type=\"audio\/mpeg\" src=\"https:\/\/drdosido.net\/fiddleclub\/wp-content\/uploads\/2015\/09\/Brazilian-Tune-voices.mp3?_=16\" \/><a href=\"https:\/\/drdosido.net\/fiddleclub\/wp-content\/uploads\/2015\/09\/Brazilian-Tune-voices.mp3\">https:\/\/drdosido.net\/fiddleclub\/wp-content\/uploads\/2015\/09\/Brazilian-Tune-voices.mp3<\/a><\/audio><\/p>\n<p><a href=\"http:\/\/www.oldtownschool.org\/fiddle\/fun\/scotis5053.mp3\">Scot\u00ecs<\/a> (Italy) by Compagnia Sonad\u00e0r di Ponte Caffaro<br \/>\n<audio class=\"wp-audio-shortcode\" id=\"audio-4908-17\" preload=\"none\" style=\"width: 100%;\" controls=\"controls\"><source type=\"audio\/mpeg\" src=\"http:\/\/www.oldtownschool.org\/fiddle\/fun\/scotis5053.mp3?_=17\" \/><a href=\"http:\/\/www.oldtownschool.org\/fiddle\/fun\/scotis5053.mp3\">http:\/\/www.oldtownschool.org\/fiddle\/fun\/scotis5053.mp3<\/a><\/audio><\/p>\n<p><a href=\"https:\/\/drdosido.net\/fiddleclub\/wp-content\/uploads\/2015\/05\/Vengerka.mp3\">Vengerka<\/a> (Estonia, Hungary, Russia &amp;c.)<br \/>\n<audio class=\"wp-audio-shortcode\" id=\"audio-4908-18\" preload=\"none\" style=\"width: 100%;\" controls=\"controls\"><source type=\"audio\/mpeg\" src=\"https:\/\/drdosido.net\/fiddleclub\/wp-content\/uploads\/2015\/05\/Vengerka.mp3?_=18\" \/><a href=\"https:\/\/drdosido.net\/fiddleclub\/wp-content\/uploads\/2015\/05\/Vengerka.mp3\">https:\/\/drdosido.net\/fiddleclub\/wp-content\/uploads\/2015\/05\/Vengerka.mp3<\/a><\/audio><\/p>\n","protected":false},"excerpt":{"rendered":"<p>* Music notation for most of these tunes can be found in this PDF file, while ABC notation for the same tunes is in this other one. USA Golden Slippers by the Fantastic Toe Trippers https:\/\/drdosido.net\/fiddleclub\/wp-content\/uploads\/2015\/05\/Golden-Slippers.mp3 Litchfield by White Mule &hellip; <a href=\"https:\/\/drdosido.net\/fiddleclub\/more-tunes-for-jams\/\">Continue reading <span class=\"meta-nav\">&rarr;<\/span><\/a><\/p>\n","protected":false},"author":1,"featured_media":0,"parent":0,"menu_order":0,"comment_status":"open","ping_status":"open","template":"","meta":{"footnotes":""},"class_list":["post-4908","page","type-page","status-publish","hentry"],"_links":{"self":[{"href":"https:\/\/drdosido.net\/fiddleclub\/wp-json\/wp\/v2\/pages\/4908","targetHints":{"allow":["GET"]}}],"collection":[{"href":"https:\/\/drdosido.net\/fiddleclub\/wp-json\/wp\/v2\/pages"}],"about":[{"href":"https:\/\/drdosido.net\/fiddleclub\/wp-json\/wp\/v2\/types\/page"}],"author":[{"embeddable":true,"href":"https:\/\/drdosido.net\/fiddleclub\/wp-json\/wp\/v2\/users\/1"}],"replies":[{"embeddable":true,"href":"https:\/\/drdosido.net\/fiddleclub\/wp-json\/wp\/v2\/comments?post=4908"}],"version-history":[{"count":19,"href":"https:\/\/drdosido.net\/fiddleclub\/wp-json\/wp\/v2\/pages\/4908\/revisions"}],"predecessor-version":[{"id":5508,"href":"https:\/\/drdosido.net\/fiddleclub\/wp-json\/wp\/v2\/pages\/4908\/revisions\/5508"}],"wp:attachment":[{"href":"https:\/\/drdosido.net\/fiddleclub\/wp-json\/wp\/v2\/media?parent=4908"}],"curies":[{"name":"wp","href":"https:\/\/api.w.org\/{rel}","templated":true}]}}